{"id":304,"date":"2022-08-05T09:22:31","date_gmt":"2022-08-05T14:22:31","guid":{"rendered":"https:\/\/webinarsdev.ccdc.org\/?page_id=304"},"modified":"2022-10-18T16:20:00","modified_gmt":"2022-10-18T21:20:00","slug":"faq","status":"publish","type":"page","link":"https:\/\/webinars.ccdc.org\/fr\/faq\/","title":{"rendered":"FAQ"},"content":{"rendered":"\n<ul class=\"wp-block-list\"><li><strong>Dois-je cr\u00e9er un compte pour regarder un webinaire?<\/strong><ul><li>Pour regarder un webinaire enregistr\u00e9, vous devez cr\u00e9er un compte d\u2019utilisateur gratuit. Chaque webinaire que vous achetez sera conserv\u00e9 dans la biblioth\u00e8que de votre compte pendant un an \u00e0 compter de la date d\u2019achat.<\/li><\/ul><\/li><li><strong>Quelle est la marche \u00e0 suivre pour cr\u00e9er un compte?<\/strong>\u00a0<ul><li>La cr\u00e9ation d\u2019un compte sur le site Web de la biblioth\u00e8que de webinaires du CCDC est gratuite et facile. Il suffit de cliquer sur le bouton \u00ab\u00a0Connexion\u00a0\u00bb sur la page d\u2019accueil. Vous pouvez ensuite vous inscrire et cr\u00e9er un compte gratuit en entrant un nom d\u2019utilisateur et un mot de passe. N\u2019oubliez pas de sauvegarder vos donn\u00e9es de connexion pour pouvoir acc\u00e9der facilement \u00e0 votre compte.\u00a0<\/li><\/ul><\/li><li><strong>Puis-je regarder \u00e0 nouveau un webinaire enregistr\u00e9?<\/strong>\u00a0<ul><li>Apr\u00e8s que vous avez fait l\u2019achat d\u2019un webinaire, la vid\u00e9o sera conserv\u00e9e dans la biblioth\u00e8que de votre compte et vous pourrez la regarder \u00e0 nouveau ou la consulter ult\u00e9rieurement.<\/li><\/ul><\/li><li><strong>Combien de fois puis-je regarder un webinaire apr\u00e8s l\u2019avoir achet\u00e9?<\/strong><ul><li>Vous pouvez regarder un webinaire un nombre illimit\u00e9 de fois apr\u00e8s que vous en avez fait l\u2019achat.<\/li><\/ul><\/li><li><strong>Puis-je partager un webinaire enregistr\u00e9?<\/strong><ul><li>Les achats de webinaires sont uniques \u00e0 votre compte personnel.<\/li><\/ul><\/li><li><strong>O\u00f9 se trouve la liste des webinaires \u00e0 venir?<\/strong>\u00a0<ul><li>Cliquez <a rel=\"noreferrer noopener\" href=\"https:\/\/www.ccdc.org\/fr\/nouvelles-et-evenements\/\" target=\"_blank\">ici<\/a> pour voir les prochains webinaires et \u00e9v\u00e9nements en direct du CCDC.<\/li><\/ul><\/li><li><strong>Que puis-je faire si j\u2019ai une question apr\u00e8s avoir regard\u00e9 un webinaire?<\/strong><ul><li>Si vous avez une question concernant un document particulier du CCDC, veuillez envoyer un courriel \u00e0 <a rel=\"noreferrer noopener\" href=\"mailto:info@ccdc.org\" target=\"_blank\">info@ccdc.org<\/a>.<\/li><\/ul><\/li><li><strong>Toutes les vid\u00e9os achet\u00e9es sont des ventes finales et seront conserv\u00e9es dans votre compte pendant un an \u00e0 compter de la date d\u2019achat.<\/strong><\/li><\/ul>\n\n\n\n<p><\/p>\n","protected":false},"excerpt":{"rendered":"<p>Dois-je cr\u00e9er un compte pour regarder un webinaire? Pour regarder un webinaire enregistr\u00e9, vous devez cr\u00e9er un compte d\u2019utilisateur gratuit. Chaque webinaire que vous achetez sera conserv\u00e9 dans la biblioth\u00e8que de votre compte pendant un an \u00e0 compter de la date d\u2019achat. Quelle est la marche \u00e0 suivre pour cr\u00e9er un compte?\u00a0 La cr\u00e9ation d\u2019un [&hellip;]<\/p>\n","protected":false},"author":1,"featured_media":0,"parent":0,"menu_order":0,"comment_status":"closed","ping_status":"closed","template":"","meta":{"_acf_changed":false,"footnotes":""},"class_list":["post-304","page","type-page","status-publish","hentry"],"acf":[],"_links":{"self":[{"href":"https:\/\/webinars.ccdc.org\/fr\/wp-json\/wp\/v2\/pages\/304","targetHints":{"allow":["GET"]}}],"collection":[{"href":"https:\/\/webinars.ccdc.org\/fr\/wp-json\/wp\/v2\/pages"}],"about":[{"href":"https:\/\/webinars.ccdc.org\/fr\/wp-json\/wp\/v2\/types\/page"}],"author":[{"embeddable":true,"href":"https:\/\/webinars.ccdc.org\/fr\/wp-json\/wp\/v2\/users\/1"}],"replies":[{"embeddable":true,"href":"https:\/\/webinars.ccdc.org\/fr\/wp-json\/wp\/v2\/comments?post=304"}],"version-history":[{"count":3,"href":"https:\/\/webinars.ccdc.org\/fr\/wp-json\/wp\/v2\/pages\/304\/revisions"}],"predecessor-version":[{"id":608,"href":"https:\/\/webinars.ccdc.org\/fr\/wp-json\/wp\/v2\/pages\/304\/revisions\/608"}],"wp:attachment":[{"href":"https:\/\/webinars.ccdc.org\/fr\/wp-json\/wp\/v2\/media?parent=304"}],"curies":[{"name":"wp","href":"https:\/\/api.w.org\/{rel}","templated":true}]}}