{"id":277,"date":"2022-04-11T18:32:13","date_gmt":"2022-04-11T23:32:13","guid":{"rendered":"https:\/\/webinarsdev.ccdc.org\/home\/"},"modified":"2023-02-21T15:10:44","modified_gmt":"2023-02-21T20:10:44","slug":"home","status":"publish","type":"page","link":"https:\/\/webinars.ccdc.org\/fr\/","title":{"rendered":"Accueil"},"content":{"rendered":"\n<div class=\"wp-block-columns is-layout-flex wp-container-core-columns-is-layout-9d6595d7 wp-block-columns-is-layout-flex\">\n<div class=\"wp-block-column is-layout-flow wp-block-column-is-layout-flow\" style=\"flex-basis:66.66%\">\n<p>Le CCDC a entendu vos questions et nous sommes pr\u00eats \u00e0 vous donner les r\u00e9ponses simples mais compl\u00e8tes que vous recherchez! Nous sommes heureux de vous pr\u00e9senter les <em>Webinaires sur les documents du CCDC<\/em>, une nouvelle initiative int\u00e9ressante qui a pour but de r\u00e9pondre aux questions les plus fr\u00e9quemment pos\u00e9es et \u00e0 expliquer en d\u00e9tail l\u2019utilisation des documents du CCDC. Parcourez la biblioth\u00e8que de webinaires enregistr\u00e9s et achetez les s\u00e9ances que vous d\u00e9sirez visionner sur demande afin d\u2019approfondir vos connaissances sur les documents de construction les plus utilis\u00e9s au Canada.<\/p>\n<\/div>\n\n\n\n<div class=\"wp-block-column is-layout-flow wp-block-column-is-layout-flow\" style=\"flex-basis:33.33%\"><\/div>\n<\/div>\n","protected":false},"excerpt":{"rendered":"<p>Le CCDC a entendu vos questions et nous sommes pr\u00eats \u00e0 vous donner les r\u00e9ponses simples mais compl\u00e8tes que vous recherchez! Nous sommes heureux de vous pr\u00e9senter les Webinaires sur les documents du CCDC, une nouvelle initiative int\u00e9ressante qui a pour but de r\u00e9pondre aux questions les plus fr\u00e9quemment pos\u00e9es et \u00e0 expliquer en d\u00e9tail [&hellip;]<\/p>\n","protected":false},"author":1,"featured_media":0,"parent":0,"menu_order":0,"comment_status":"closed","ping_status":"closed","template":"page-templates\/template-home.php","meta":{"_acf_changed":false,"footnotes":""},"class_list":["post-277","page","type-page","status-publish","hentry"],"acf":[],"_links":{"self":[{"href":"https:\/\/webinars.ccdc.org\/fr\/wp-json\/wp\/v2\/pages\/277","targetHints":{"allow":["GET"]}}],"collection":[{"href":"https:\/\/webinars.ccdc.org\/fr\/wp-json\/wp\/v2\/pages"}],"about":[{"href":"https:\/\/webinars.ccdc.org\/fr\/wp-json\/wp\/v2\/types\/page"}],"author":[{"embeddable":true,"href":"https:\/\/webinars.ccdc.org\/fr\/wp-json\/wp\/v2\/users\/1"}],"replies":[{"embeddable":true,"href":"https:\/\/webinars.ccdc.org\/fr\/wp-json\/wp\/v2\/comments?post=277"}],"version-history":[{"count":20,"href":"https:\/\/webinars.ccdc.org\/fr\/wp-json\/wp\/v2\/pages\/277\/revisions"}],"predecessor-version":[{"id":651,"href":"https:\/\/webinars.ccdc.org\/fr\/wp-json\/wp\/v2\/pages\/277\/revisions\/651"}],"wp:attachment":[{"href":"https:\/\/webinars.ccdc.org\/fr\/wp-json\/wp\/v2\/media?parent=277"}],"curies":[{"name":"wp","href":"https:\/\/api.w.org\/{rel}","templated":true}]}}